{"id":10,"date":"2024-01-31T15:44:52","date_gmt":"2024-01-31T15:44:52","guid":{"rendered":"http:\/\/www.matematikevde.com\/?page_id=10"},"modified":"2024-01-31T15:44:52","modified_gmt":"2024-01-31T15:44:52","slug":"bize-ulasin","status":"publish","type":"page","link":"http:\/\/www.matematikevde.com\/index.php\/bize-ulasin\/","title":{"rendered":"Bize ula\u015f\u0131n"},"content":{"rendered":"\n<p>Bu sayfada, adres ve telefon numaras\u0131 gibi temel ileti\u015fim bilgileri bulunur. Ayr\u0131ca bir ileti\u015fim formu eklemek i\u00e7in bir eklenti de deneyebilirsiniz.<\/p>\n","protected":false},"excerpt":{"rendered":"<p>Bu sayfada, adres ve telefon numaras\u0131 gibi temel ileti\u015fim bilgileri bulunur. Ayr\u0131ca bir ileti\u015fim formu eklemek i\u00e7in bir eklenti de deneyebilirsiniz.<\/p>\n","protected":false},"author":1,"featured_media":0,"parent":0,"menu_order":0,"comment_status":"closed","ping_status":"closed","template":"","meta":{"saved_in_kubio":false,"footnotes":""},"class_list":["post-10","page","type-page","status-publish","hentry"],"kubio_ai_page_context":{"short_desc":"","purpose":"general"},"_links":{"self":[{"href":"http:\/\/www.matematikevde.com\/index.php\/wp-json\/wp\/v2\/pages\/10","targetHints":{"allow":["GET"]}}],"collection":[{"href":"http:\/\/www.matematikevde.com\/index.php\/wp-json\/wp\/v2\/pages"}],"about":[{"href":"http:\/\/www.matematikevde.com\/index.php\/wp-json\/wp\/v2\/types\/page"}],"author":[{"embeddable":true,"href":"http:\/\/www.matematikevde.com\/index.php\/wp-json\/wp\/v2\/users\/1"}],"replies":[{"embeddable":true,"href":"http:\/\/www.matematikevde.com\/index.php\/wp-json\/wp\/v2\/comments?post=10"}],"version-history":[{"count":1,"href":"http:\/\/www.matematikevde.com\/index.php\/wp-json\/wp\/v2\/pages\/10\/revisions"}],"predecessor-version":[{"id":18,"href":"http:\/\/www.matematikevde.com\/index.php\/wp-json\/wp\/v2\/pages\/10\/revisions\/18"}],"wp:attachment":[{"href":"http:\/\/www.matematikevde.com\/index.php\/wp-json\/wp\/v2\/media?parent=10"}],"curies":[{"name":"wp","href":"https:\/\/api.w.org\/{rel}","templated":true}]}}